{"id":984,"date":"2015-02-27T11:09:11","date_gmt":"2015-02-27T10:09:11","guid":{"rendered":"http:\/\/holzmair.org\/ligsalz\/?page_id=23"},"modified":"2023-03-31T21:39:09","modified_gmt":"2023-03-31T19:39:09","slug":"newsletter","status":"publish","type":"page","link":"https:\/\/ligsalz8.de\/index.php\/newsletter\/","title":{"rendered":"Newsletter"},"content":{"rendered":"<p>Wir bieten einen Newsletter an, der \u00fcber Aktuelles im Mietsh\u00e4user Syndikats Himmel in M\u00fcnchen und \u00fcber Veranstaltungen in der Ligsalz8 informiert.<\/p>\n<p>Alle Veranstaltungen werden auch auf dieser Seite ver\u00f6ffentlicht.<\/p>\n<p>Wer den Newsletter bekommen m\u00f6chte, kann hier abonnieren.<\/p>\n<p>[sibwp_form id=1]<\/p>\n","protected":false},"excerpt":{"rendered":"<p>Wir bieten einen Newsletter an, der \u00fcber Aktuelles im Mietsh\u00e4user Syndikats Himmel in M\u00fcnchen und \u00fcber Veranstaltungen in der Ligsalz8 informiert. Alle Veranstaltungen werden auch auf dieser Seite ver\u00f6ffentlicht. Wer den Newsletter bekommen m\u00f6chte, kann hier abonnieren. [sibwp_form id=1]<\/p>\n","protected":false},"author":1,"featured_media":0,"parent":0,"menu_order":0,"comment_status":"closed","ping_status":"open","template":"","meta":{"footnotes":""},"class_list":["post-984","page","type-page","status-publish","hentry"],"_links":{"self":[{"href":"https:\/\/ligsalz8.de\/index.php\/wp-json\/wp\/v2\/pages\/984","targetHints":{"allow":["GET"]}}],"collection":[{"href":"https:\/\/ligsalz8.de\/index.php\/wp-json\/wp\/v2\/pages"}],"about":[{"href":"https:\/\/ligsalz8.de\/index.php\/wp-json\/wp\/v2\/types\/page"}],"author":[{"embeddable":true,"href":"https:\/\/ligsalz8.de\/index.php\/wp-json\/wp\/v2\/users\/1"}],"replies":[{"embeddable":true,"href":"https:\/\/ligsalz8.de\/index.php\/wp-json\/wp\/v2\/comments?post=984"}],"version-history":[{"count":3,"href":"https:\/\/ligsalz8.de\/index.php\/wp-json\/wp\/v2\/pages\/984\/revisions"}],"predecessor-version":[{"id":2385,"href":"https:\/\/ligsalz8.de\/index.php\/wp-json\/wp\/v2\/pages\/984\/revisions\/2385"}],"wp:attachment":[{"href":"https:\/\/ligsalz8.de\/index.php\/wp-json\/wp\/v2\/media?parent=984"}],"curies":[{"name":"wp","href":"https:\/\/api.w.org\/{rel}","templated":true}]}}