{"id":88,"date":"2015-02-28T14:29:21","date_gmt":"2015-02-28T13:29:21","guid":{"rendered":"http:\/\/holzmair.org\/ligsalz\/?page_id=88"},"modified":"2018-06-27T14:14:06","modified_gmt":"2018-06-27T12:14:06","slug":"impressum","status":"publish","type":"page","link":"https:\/\/ligsalz8.de\/index.php\/impressum\/","title":{"rendered":"Impressum"},"content":{"rendered":"<h1>IMPRESSUM<\/h1>\n<h2>Angaben gem\u00e4\u00df \u00a7 5 TMG:<\/h2>\n<p>Ligsalz8 GmbH<\/p>\n<h3>Postanschrift:<\/h3>\n<p>Ligsalzstra\u00dfe, 8<br \/>\n80339 M\u00fcnchen<\/p>\n<h3>Kontakt:<\/h3>\n<p><img loading=\"lazy\" decoding=\"async\" class=\"alignnone wp-image-1585\" src=\"http:\/\/ligsalz8.de\/wp-content\/uploads\/2018\/05\/eaea-300x34.jpg\" alt=\"\" width=\"194\" height=\"22\" srcset=\"https:\/\/ligsalz8.de\/wp-content\/uploads\/2018\/05\/eaea-300x34.jpg 300w, https:\/\/ligsalz8.de\/wp-content\/uploads\/2018\/05\/eaea-542x63.jpg 542w, https:\/\/ligsalz8.de\/wp-content\/uploads\/2018\/05\/eaea.jpg 556w\" sizes=\"auto, (max-width: 194px) 100vw, 194px\" \/><\/p>\n<h3>Vertreten durch:<\/h3>\n<p>Achim Nathrath<br \/>\nMargaretha Eisenhofer<\/p>\n<h3>Eingetragen am<\/h3>\n<p>Amtsgericht M\u00fcnchen<br \/>\nHRB 170326<\/p>\n","protected":false},"excerpt":{"rendered":"<p>IMPRESSUM Angaben gem\u00e4\u00df \u00a7 5 TMG: Ligsalz8 GmbH Postanschrift: Ligsalzstra\u00dfe, 8 80339 M\u00fcnchen Kontakt: Vertreten durch: Achim Nathrath Margaretha Eisenhofer Eingetragen am Amtsgericht M\u00fcnchen HRB 170326<\/p>\n","protected":false},"author":1,"featured_media":0,"parent":0,"menu_order":0,"comment_status":"closed","ping_status":"open","template":"","meta":{"footnotes":""},"class_list":["post-88","page","type-page","status-publish","hentry"],"_links":{"self":[{"href":"https:\/\/ligsalz8.de\/index.php\/wp-json\/wp\/v2\/pages\/88","targetHints":{"allow":["GET"]}}],"collection":[{"href":"https:\/\/ligsalz8.de\/index.php\/wp-json\/wp\/v2\/pages"}],"about":[{"href":"https:\/\/ligsalz8.de\/index.php\/wp-json\/wp\/v2\/types\/page"}],"author":[{"embeddable":true,"href":"https:\/\/ligsalz8.de\/index.php\/wp-json\/wp\/v2\/users\/1"}],"replies":[{"embeddable":true,"href":"https:\/\/ligsalz8.de\/index.php\/wp-json\/wp\/v2\/comments?post=88"}],"version-history":[{"count":13,"href":"https:\/\/ligsalz8.de\/index.php\/wp-json\/wp\/v2\/pages\/88\/revisions"}],"predecessor-version":[{"id":1611,"href":"https:\/\/ligsalz8.de\/index.php\/wp-json\/wp\/v2\/pages\/88\/revisions\/1611"}],"wp:attachment":[{"href":"https:\/\/ligsalz8.de\/index.php\/wp-json\/wp\/v2\/media?parent=88"}],"curies":[{"name":"wp","href":"https:\/\/api.w.org\/{rel}","templated":true}]}}