{"id":18,"date":"2015-02-27T11:05:21","date_gmt":"2015-02-27T10:05:21","guid":{"rendered":"http:\/\/holzmair.org\/ligsalz\/?page_id=18"},"modified":"2017-07-24T13:32:10","modified_gmt":"2017-07-24T11:32:10","slug":"unser-haus","status":"publish","type":"page","link":"https:\/\/ligsalz8.de\/index.php\/unser-haus\/","title":{"rendered":"Unser Haus"},"content":{"rendered":"<div class=\"entry-content\">\n<p>Gehen und die H\u00e4user umsehen. Umsehen, das ist: die Augen zukneifen bis auf Spalten, die Stra\u00dfenflucht in sich einwirken lassen, sie ausmalen, \u00e4ndern, bessern, versch\u00f6nern. Nach Entfernung des Schmutzes und des Privatbesitzes gestalten wir die Unterschiede.<br \/>\nEiner mag gerne blau, ein anderer wei\u00df. Eine dritte ruft: nur kein Holz. C. steht fr\u00fch auf und verschwindet dann leise, ein anderer liest lange die Zeitung. Morgens hat man oft das Haus f\u00fcr sich, alleinsein ist sch\u00f6n, alleinsein ist doof. Alle m\u00f6gen Tomaten, einer lieber nicht. Man macht Salat mit Ingwer drin. Den lautesten Wecker hat S. Das gr\u00f6\u00dfte Bett hat A. Einer kocht immer zuviel, irgendwer i\u00dft immer den Rest. Zusammen sind wir 438 Jahre alt. Zusammen sind wir 6 Jahre alt.<br \/>\nGeh, schau dir die Stra\u00dfen an, in denen wir wohnen, kneif die Augen zusammen, geh durch die Stra\u00dfen und sag: sie sind unser. So sind sie, und so werden sie sein. So werden sie.<br \/>\nGeh die Stra\u00dfe entlang, tr\u00e4ume bewu\u00dft, komm nicht ins Stolpern. Ja, dort das Haus, das ist es.<br \/>\nDort wohnen wir.<\/p>\n<p><a href=\"http:\/\/ligsalz8.de\/wp-content\/uploads\/2015\/09\/image.jpg\"><img loading=\"lazy\" decoding=\"async\" class=\"aligncenter wp-image-1004 size-full\" src=\"http:\/\/ligsalz8.de\/wp-content\/uploads\/2015\/09\/image.jpg\" alt=\"image\" width=\"900\" height=\"599\" \/><\/a><\/p>\n<p>Die Ligsalz8 ist ein Wohnprojekt im M\u00fcnchner Westend, das sich im Rahmen des Mietsh\u00e4usersyndikats selbstverwaltet. Als solches sind wir Teil des Netzwerks M\u00fcnchen, dem Zusammenschluss selbstverwalteter Projekte und Betriebe. Nach einer Renovierungs- und Bauphase ist das Haus in der Ligsalzstr. 8 seit November 2008 vollst\u00e4ndig bewohnt. Das Projekt bietet allen BewohnerInnen die reizvollen M\u00f6glichkeit trotz keinem oder beschr\u00e4nktem Eigenkapital, ein solches Objekt zu erwerben und es so dem explodierenden Mietmarkt zu entziehen, um langfristig finanzierbare Mieten f\u00fcr alle BewohnerInnen zu garantieren. Unserem Selbstverst\u00e4ndnis folgend haben wir die Ladenetage im Erdgeschoss in einen gro\u00dfen Veranstaltungsraum umgewandelt, der f\u00fcr ein breites Spektrum an Informationsveranstaltungen, Ausstellungen, Proben eines Chors, ab Mai 2011 f\u00fcr ein kleines Home-Kino und \u00e4hnliches verwendet wird. Dar\u00fcber hinaus \u00f6ffnen wir diesen Teil des Hauses regelm\u00e4\u00dfig am ersten Sonntag des Monats f\u00fcr ein kulinarisches Kennenlernen und Austauschen. Ank\u00fcndigungen f\u00fcr alles finden sich auf unserer Webseite.<br \/>\nUnd solange das kleine L\u00e4cheln bei uns auf der Hauswand ist, sind wir um keinen Besuch von FreundInnen der Ligsalz8 und Interessierten verlegen.<\/p>\n<div style=\"width: 640px;\" class=\"wp-video\"><video class=\"wp-video-shortcode\" id=\"video-18-1\" width=\"640\" height=\"360\" preload=\"metadata\" controls=\"controls\"><source type=\"video\/mp4\" src=\"http:\/\/holzmair.org\/ligsalz\/Ligsalz8-klein.mp4?_=1\" \/><a href=\"http:\/\/holzmair.org\/ligsalz\/Ligsalz8-klein.mp4\">http:\/\/holzmair.org\/ligsalz\/Ligsalz8-klein.mp4<\/a><\/video><\/div>\n<\/div>\n","protected":false},"excerpt":{"rendered":"<p>Gehen und die H\u00e4user umsehen. Umsehen, das ist: die Augen zukneifen bis auf Spalten, die Stra\u00dfenflucht in sich einwirken lassen, sie ausmalen, \u00e4ndern, bessern, versch\u00f6nern. Nach Entfernung des Schmutzes und des Privatbesitzes gestalten wir die Unterschiede. Einer mag gerne blau, ein anderer wei\u00df. Eine dritte ruft: nur kein Holz. C. steht fr\u00fch auf und verschwindet&#8230;<\/p>\n","protected":false},"author":1,"featured_media":0,"parent":0,"menu_order":0,"comment_status":"closed","ping_status":"open","template":"","meta":{"footnotes":""},"class_list":["post-18","page","type-page","status-publish","hentry"],"_links":{"self":[{"href":"https:\/\/ligsalz8.de\/index.php\/wp-json\/wp\/v2\/pages\/18","targetHints":{"allow":["GET"]}}],"collection":[{"href":"https:\/\/ligsalz8.de\/index.php\/wp-json\/wp\/v2\/pages"}],"about":[{"href":"https:\/\/ligsalz8.de\/index.php\/wp-json\/wp\/v2\/types\/page"}],"author":[{"embeddable":true,"href":"https:\/\/ligsalz8.de\/index.php\/wp-json\/wp\/v2\/users\/1"}],"replies":[{"embeddable":true,"href":"https:\/\/ligsalz8.de\/index.php\/wp-json\/wp\/v2\/comments?post=18"}],"version-history":[{"count":3,"href":"https:\/\/ligsalz8.de\/index.php\/wp-json\/wp\/v2\/pages\/18\/revisions"}],"predecessor-version":[{"id":1395,"href":"https:\/\/ligsalz8.de\/index.php\/wp-json\/wp\/v2\/pages\/18\/revisions\/1395"}],"wp:attachment":[{"href":"https:\/\/ligsalz8.de\/index.php\/wp-json\/wp\/v2\/media?parent=18"}],"curies":[{"name":"wp","href":"https:\/\/api.w.org\/{rel}","templated":true}]}}